{"id":808,"date":"2025-11-28T07:05:16","date_gmt":"2025-11-28T07:05:16","guid":{"rendered":"https:\/\/apurecompany.com.br\/?post_type=product&#038;p=808"},"modified":"2026-04-27T06:48:52","modified_gmt":"2026-04-27T03:48:52","slug":"ecobag-apure-sign-easel-sign-black","status":"publish","type":"product","link":"https:\/\/apurecompany.com.br\/pt\/produto\/ecobag-apure-sign-easel-sign-black\/","title":{"rendered":"ECOBAG APURE SIGN EASEL SIGN &#8211; BLACK"},"content":{"rendered":"<h3 data-start=\"68\" data-end=\"115\"><strong data-start=\"72\" data-end=\"115\">Ecobag Refor\u00e7ada 40&#215;60 \u2013 Alta Gramatura<\/strong><\/h3>\n<p data-start=\"117\" data-end=\"367\">Ecobag tamanho 40&#215;60 feita em tecido de alta gramatura, resistente e dur\u00e1vel. Possui al\u00e7as refor\u00e7adas e grande capacidade interna, ideal para compras, uso di\u00e1rio e transporte de itens mais pesados.<br data-start=\"314\" data-end=\"317\" \/>Design simples, funcional e com estampa exclusiva.<\/p>\n<p data-start=\"369\" data-end=\"389\"><strong data-start=\"369\" data-end=\"389\">Caracter\u00edsticas:<\/strong><\/p>\n<ul data-start=\"390\" data-end=\"528\">\n<li data-start=\"390\" data-end=\"416\">\n<p data-start=\"392\" data-end=\"416\">Tamanho: 40 cm x 60 cm<\/p>\n<\/li>\n<li data-start=\"417\" data-end=\"445\">\n<p data-start=\"419\" data-end=\"445\">Tecido de alta gramatura<\/p>\n<\/li>\n<li data-start=\"446\" data-end=\"477\">\n<p data-start=\"448\" data-end=\"477\">Al\u00e7as e costuras refor\u00e7adas<\/p>\n<\/li>\n<li data-start=\"478\" data-end=\"499\">\n<p data-start=\"480\" data-end=\"499\">Grande capacidade<\/p>\n<\/li>\n<li data-start=\"500\" data-end=\"528\">\n<p data-start=\"502\" data-end=\"528\">Reutiliz\u00e1vel e ecol\u00f3gica<\/p>\n<\/li>\n<\/ul>","protected":false},"excerpt":{"rendered":"<h3 data-start=\"68\" data-end=\"115\"><strong data-start=\"72\" data-end=\"115\">Ecobag Refor\u00e7ada 40&#215;60 \u2013 Alta Gramatura<\/strong><\/h3>\n<p data-start=\"117\" data-end=\"367\">Ecobag tamanho 40&#215;60 feita em tecido de alta gramatura, resistente e dur\u00e1vel. Possui al\u00e7as refor\u00e7adas e grande capacidade interna, ideal para compras, uso di\u00e1rio e transporte de itens mais pesados.<br data-start=\"314\" data-end=\"317\" \/>Design simples, funcional e com estampa exclusiva.<\/p>\n<p data-start=\"369\" data-end=\"389\"><strong data-start=\"369\" data-end=\"389\">Caracter\u00edsticas:<\/strong><\/p>\n<ul data-start=\"390\" data-end=\"528\">\n<li data-start=\"390\" data-end=\"416\">\n<p data-start=\"392\" data-end=\"416\">Tamanho: 40 cm x 60 cm<\/p>\n<\/li>\n<li data-start=\"417\" data-end=\"445\">\n<p data-start=\"419\" data-end=\"445\">Tecido de alta gramatura<\/p>\n<\/li>\n<li data-start=\"446\" data-end=\"477\">\n<p data-start=\"448\" data-end=\"477\">Al\u00e7as e costuras refor\u00e7adas<\/p>\n<\/li>\n<li data-start=\"478\" data-end=\"499\">\n<p data-start=\"480\" data-end=\"499\">Grande capacidade<\/p>\n<\/li>\n<li data-start=\"500\" data-end=\"528\">\n<p data-start=\"502\" data-end=\"528\">Reutiliz\u00e1vel e ecol\u00f3gica<\/p>\n<\/li>\n<\/ul>","protected":false},"featured_media":795,"comment_status":"open","ping_status":"closed","template":"","meta":{"_joinchat":[]},"product_brand":[],"product_cat":[28],"product_tag":[],"class_list":{"0":"post-808","1":"product","2":"type-product","3":"status-publish","4":"has-post-thumbnail","6":"product_cat-ecobag","8":"first","9":"onbackorder","10":"taxable","11":"shipping-taxable","12":"purchasable","13":"product-type-simple"},"jetpack_sharing_enabled":true,"_links":{"self":[{"href":"https:\/\/apurecompany.com.br\/pt\/wp-json\/wp\/v2\/product\/808","targetHints":{"allow":["GET"]}}],"collection":[{"href":"https:\/\/apurecompany.com.br\/pt\/wp-json\/wp\/v2\/product"}],"about":[{"href":"https:\/\/apurecompany.com.br\/pt\/wp-json\/wp\/v2\/types\/product"}],"replies":[{"embeddable":true,"href":"https:\/\/apurecompany.com.br\/pt\/wp-json\/wp\/v2\/comments?post=808"}],"wp:featuredmedia":[{"embeddable":true,"href":"https:\/\/apurecompany.com.br\/pt\/wp-json\/wp\/v2\/media\/795"}],"wp:attachment":[{"href":"https:\/\/apurecompany.com.br\/pt\/wp-json\/wp\/v2\/media?parent=808"}],"wp:term":[{"taxonomy":"product_brand","embeddable":true,"href":"https:\/\/apurecompany.com.br\/pt\/wp-json\/wp\/v2\/product_brand?post=808"},{"taxonomy":"product_cat","embeddable":true,"href":"https:\/\/apurecompany.com.br\/pt\/wp-json\/wp\/v2\/product_cat?post=808"},{"taxonomy":"product_tag","embeddable":true,"href":"https:\/\/apurecompany.com.br\/pt\/wp-json\/wp\/v2\/product_tag?post=808"}],"curies":[{"name":"wp","href":"https:\/\/api.w.org\/{rel}","templated":true}]}}