{"id":352,"date":"2025-06-10T18:45:14","date_gmt":"2025-06-10T18:45:14","guid":{"rendered":"https:\/\/apurecompany.com.br\/?post_type=product&#038;p=352"},"modified":"2026-01-13T11:15:35","modified_gmt":"2026-01-13T08:15:35","slug":"umbrella","status":"publish","type":"product","link":"https:\/\/apurecompany.com.br\/pt\/produto\/umbrella\/","title":{"rendered":"Guarda-chuva"},"content":{"rendered":"<p data-sourcepos=\"4:1-4:47\"><strong>Tempo m\u00e9dio de produ\u00e7\u00e3o 4-5 dias \u00fateis.<\/strong><\/p>\n<p data-sourcepos=\"4:1-4:47\">\nTamanho da Arte: 20x5 cm. (A CLOCK RUN).\u00a0<br \/>\nAcionamento: Autom\u00e1tico<br \/>\nDi\u00e2metro aberto: 120cm<br \/>\nComprimento fechado: 89cm<br \/>\nCabo: Curvo de madeira<br \/>\nComposi\u00e7\u00e3o de varetas: Ferro<br \/>\nQuantidade de Varetas: 8<br \/>\nComposi\u00e7\u00e3o do var\u00e3o: Madeira<br \/>\nTecido: Pongee<br \/>\nComposi\u00e7\u00e3o da embalagem: Pl\u00e1stico OPP<\/p>\n<p>PRODUTO TESTADO E BEM EMBALADO ANTES DO ENVIO.<\/p>","protected":false},"excerpt":{"rendered":"<p data-sourcepos=\"25:3-25:321\">Este guarda-chuva une o cl\u00e1ssico e o moderno. O cabo curvo e o var\u00e3o em madeira maci\u00e7a oferecem uma pegada firme e um visual elegante, enquanto a estrutura de ferro garante m\u00e1xima durabilidade. O tecido Pongee de alta qualidade serve de tela para nossa estampa exclusiva \"A CLOCK RUN\", transformando um item essencial em uma declara\u00e7\u00e3o de atitude.<\/p>","protected":false},"featured_media":301,"comment_status":"open","ping_status":"closed","template":"","meta":{"_joinchat":[]},"product_brand":[],"product_cat":[16],"product_tag":[],"class_list":{"0":"post-352","1":"product","2":"type-product","3":"status-publish","4":"has-post-thumbnail","6":"product_cat-outros","8":"first","9":"onbackorder","10":"taxable","11":"shipping-taxable","12":"purchasable","13":"product-type-simple"},"jetpack_sharing_enabled":true,"_links":{"self":[{"href":"https:\/\/apurecompany.com.br\/pt\/wp-json\/wp\/v2\/product\/352","targetHints":{"allow":["GET"]}}],"collection":[{"href":"https:\/\/apurecompany.com.br\/pt\/wp-json\/wp\/v2\/product"}],"about":[{"href":"https:\/\/apurecompany.com.br\/pt\/wp-json\/wp\/v2\/types\/product"}],"replies":[{"embeddable":true,"href":"https:\/\/apurecompany.com.br\/pt\/wp-json\/wp\/v2\/comments?post=352"}],"wp:featuredmedia":[{"embeddable":true,"href":"https:\/\/apurecompany.com.br\/pt\/wp-json\/wp\/v2\/media\/301"}],"wp:attachment":[{"href":"https:\/\/apurecompany.com.br\/pt\/wp-json\/wp\/v2\/media?parent=352"}],"wp:term":[{"taxonomy":"product_brand","embeddable":true,"href":"https:\/\/apurecompany.com.br\/pt\/wp-json\/wp\/v2\/product_brand?post=352"},{"taxonomy":"product_cat","embeddable":true,"href":"https:\/\/apurecompany.com.br\/pt\/wp-json\/wp\/v2\/product_cat?post=352"},{"taxonomy":"product_tag","embeddable":true,"href":"https:\/\/apurecompany.com.br\/pt\/wp-json\/wp\/v2\/product_tag?post=352"}],"curies":[{"name":"wp","href":"https:\/\/api.w.org\/{rel}","templated":true}]}}