{"id":144,"date":"2025-06-07T02:02:54","date_gmt":"2025-06-07T02:02:54","guid":{"rendered":"http:\/\/apure.local\/?post_type=product&#038;p=144"},"modified":"2026-02-11T07:40:12","modified_gmt":"2026-02-11T04:40:12","slug":"beige-beanie","status":"publish","type":"product","link":"https:\/\/apurecompany.com.br\/pt\/produto\/beige-beanie\/","title":{"rendered":"Gorro Bege"},"content":{"rendered":"<p>Gorro 100% acr\u00edlico<br \/>\n<strong>Detalhes do produto:<\/strong><br \/>\n\u25e6 Cor: Bege<br \/>\n\u25e6 Bordado em alta resolu\u00e7\u00e3o na cor marrom (logo Apure)<br \/>\n\u25e6 Etiquetas internas aplicadas<br \/>\n\u25e6 Tamanho \u00fanico<br \/>\n\u25e6 Circunfer\u00eancia: 56\u201360 cm<br \/>\n\u25e6 Comprimento: 28,7 cm<br \/>\n\u25e6 Largura: 15,8 cm<\/p>","protected":false},"excerpt":{"rendered":"<p>Feito em 100% acr\u00edlico, este gorro conta com bordado em alta resolu\u00e7\u00e3o do logo Apure, trazendo um toque de identidade e estilo.<\/p>","protected":false},"featured_media":347,"comment_status":"open","ping_status":"closed","template":"","meta":{"_joinchat":[]},"product_brand":[],"product_cat":[20],"product_tag":[],"class_list":{"0":"post-144","1":"product","2":"type-product","3":"status-publish","4":"has-post-thumbnail","6":"product_cat-beanie","8":"first","9":"instock","10":"sale","11":"taxable","12":"shipping-taxable","13":"purchasable","14":"product-type-simple"},"jetpack_sharing_enabled":true,"_links":{"self":[{"href":"https:\/\/apurecompany.com.br\/pt\/wp-json\/wp\/v2\/product\/144","targetHints":{"allow":["GET"]}}],"collection":[{"href":"https:\/\/apurecompany.com.br\/pt\/wp-json\/wp\/v2\/product"}],"about":[{"href":"https:\/\/apurecompany.com.br\/pt\/wp-json\/wp\/v2\/types\/product"}],"replies":[{"embeddable":true,"href":"https:\/\/apurecompany.com.br\/pt\/wp-json\/wp\/v2\/comments?post=144"}],"wp:featuredmedia":[{"embeddable":true,"href":"https:\/\/apurecompany.com.br\/pt\/wp-json\/wp\/v2\/media\/347"}],"wp:attachment":[{"href":"https:\/\/apurecompany.com.br\/pt\/wp-json\/wp\/v2\/media?parent=144"}],"wp:term":[{"taxonomy":"product_brand","embeddable":true,"href":"https:\/\/apurecompany.com.br\/pt\/wp-json\/wp\/v2\/product_brand?post=144"},{"taxonomy":"product_cat","embeddable":true,"href":"https:\/\/apurecompany.com.br\/pt\/wp-json\/wp\/v2\/product_cat?post=144"},{"taxonomy":"product_tag","embeddable":true,"href":"https:\/\/apurecompany.com.br\/pt\/wp-json\/wp\/v2\/product_tag?post=144"}],"curies":[{"name":"wp","href":"https:\/\/api.w.org\/{rel}","templated":true}]}}