{"id":1389,"date":"2026-05-06T08:36:35","date_gmt":"2026-05-06T05:36:35","guid":{"rendered":"https:\/\/apurecompany.com.br\/?post_type=product&#038;p=1389"},"modified":"2026-05-06T10:08:43","modified_gmt":"2026-05-06T07:08:43","slug":"ecobag-365-terra-raw-cotton","status":"publish","type":"product","link":"https:\/\/apurecompany.com.br\/pt\/produto\/ecobag-365-terra-raw-cotton\/","title":{"rendered":"ECOBAG 365 TERRA &#8211; RAW COTTON"},"content":{"rendered":"<h3 data-start=\"68\" data-end=\"115\">ECOBAG EXCLUSIVA &#8211; COLE\u00c7\u00c3O 365 TERRA (PARA N\u00d3S TODO DIA \u00c9 DIA DA TERRA !)<\/h3>\n<h3 data-start=\"68\" data-end=\"115\"><strong data-start=\"72\" data-end=\"115\">Ecobag Refor\u00e7ada 40&#215;60 \u2013 Alta Gramatura (RAW COTTON)<\/strong><\/h3>\n<p data-start=\"117\" data-end=\"367\">Ecobag tamanho 40&#215;60 feita em tecido de alta gramatura, resistente e dur\u00e1vel. Possui al\u00e7as refor\u00e7adas e grande capacidade interna, ideal para compras, uso di\u00e1rio e transporte de itens mais pesados.<br data-start=\"314\" data-end=\"317\" \/>Design simples, funcional e com estampa exclusiva.<\/p>\n<p data-start=\"369\" data-end=\"389\"><strong data-start=\"369\" data-end=\"389\">Caracter\u00edsticas:<\/strong><\/p>\n<ul data-start=\"390\" data-end=\"528\">\n<li data-start=\"390\" data-end=\"416\">\n<p data-start=\"392\" data-end=\"416\">Tamanho: 40 cm x 60 cm<\/p>\n<\/li>\n<li data-start=\"417\" data-end=\"445\">\n<p data-start=\"419\" data-end=\"445\">Tecido de alta gramatura<\/p>\n<\/li>\n<li data-start=\"446\" data-end=\"477\">\n<p data-start=\"448\" data-end=\"477\">Al\u00e7as e costuras refor\u00e7adas<\/p>\n<\/li>\n<li data-start=\"478\" data-end=\"499\">\n<p data-start=\"480\" data-end=\"499\">Grande capacidade<\/p>\n<\/li>\n<li data-start=\"500\" data-end=\"528\">\n<p data-start=\"502\" data-end=\"528\">Reutiliz\u00e1vel e ecol\u00f3gica<\/p>\n<\/li>\n<\/ul>","protected":false},"excerpt":{"rendered":"<h3 data-start=\"68\" data-end=\"115\"><strong data-start=\"72\" data-end=\"115\">\u00a0\u00a0<img decoding=\"async\" class=\"alignnone size-medium wp-image-1350\" src=\"https:\/\/apurecompany.com.br\/wp-content\/uploads\/2026\/05\/IMG_2868-300x122.png\" alt=\"\" width=\"300\" height=\"122\" srcset=\"https:\/\/apurecompany.com.br\/wp-content\/uploads\/2026\/05\/IMG_2868-300x122.png 300w, https:\/\/apurecompany.com.br\/wp-content\/uploads\/2026\/05\/IMG_2868-1024x415.png 1024w, https:\/\/apurecompany.com.br\/wp-content\/uploads\/2026\/05\/IMG_2868-768x311.png 768w, https:\/\/apurecompany.com.br\/wp-content\/uploads\/2026\/05\/IMG_2868-1536x623.png 1536w, https:\/\/apurecompany.com.br\/wp-content\/uploads\/2026\/05\/IMG_2868-2048x830.png 2048w, https:\/\/apurecompany.com.br\/wp-content\/uploads\/2026\/05\/IMG_2868-18x7.png 18w, https:\/\/apurecompany.com.br\/wp-content\/uploads\/2026\/05\/IMG_2868-1320x535.png 1320w, https:\/\/apurecompany.com.br\/wp-content\/uploads\/2026\/05\/IMG_2868-600x243.png 600w\" sizes=\"(max-width: 300px) 100vw, 300px\" \/>Ecobag Refor\u00e7ada 40&#215;60 \u2013 Alta Gramatura<\/strong><\/h3>\n<p data-start=\"117\" data-end=\"367\">Ecobag tamanho 40&#215;60 feita em tecido de alta gramatura, resistente e dur\u00e1vel. Possui al\u00e7as refor\u00e7adas e grande capacidade interna, ideal para compras, uso di\u00e1rio e transporte de itens mais pesados.<br data-start=\"314\" data-end=\"317\" \/>Design simples, funcional e com estampa exclusiva.<\/p>\n<p data-start=\"369\" data-end=\"389\"><strong data-start=\"369\" data-end=\"389\">Caracter\u00edsticas:<\/strong><\/p>\n<ul data-start=\"390\" data-end=\"528\">\n<li data-start=\"390\" data-end=\"416\">\n<p data-start=\"392\" data-end=\"416\">Tamanho: 40 cm x 60 cm<\/p>\n<\/li>\n<li data-start=\"417\" data-end=\"445\">\n<p data-start=\"419\" data-end=\"445\">Tecido de alta gramatura<\/p>\n<\/li>\n<li data-start=\"446\" data-end=\"477\">\n<p data-start=\"448\" data-end=\"477\">Al\u00e7as e costuras refor\u00e7adas<\/p>\n<\/li>\n<li data-start=\"478\" data-end=\"499\">\n<p data-start=\"480\" data-end=\"499\">Grande capacidade<\/p>\n<\/li>\n<li data-start=\"500\" data-end=\"528\">\n<p data-start=\"502\" data-end=\"528\">Reutiliz\u00e1vel e ecol\u00f3gica<\/p>\n<\/li>\n<\/ul>","protected":false},"featured_media":1320,"comment_status":"open","ping_status":"closed","template":"","meta":{"_joinchat":[]},"product_brand":[],"product_cat":[28],"product_tag":[32],"class_list":{"0":"post-1389","1":"product","2":"type-product","3":"status-publish","4":"has-post-thumbnail","6":"product_cat-ecobag","7":"product_tag-new","9":"first","10":"instock","11":"featured","12":"taxable","13":"shipping-taxable","14":"purchasable","15":"product-type-simple"},"jetpack_sharing_enabled":true,"_links":{"self":[{"href":"https:\/\/apurecompany.com.br\/pt\/wp-json\/wp\/v2\/product\/1389","targetHints":{"allow":["GET"]}}],"collection":[{"href":"https:\/\/apurecompany.com.br\/pt\/wp-json\/wp\/v2\/product"}],"about":[{"href":"https:\/\/apurecompany.com.br\/pt\/wp-json\/wp\/v2\/types\/product"}],"replies":[{"embeddable":true,"href":"https:\/\/apurecompany.com.br\/pt\/wp-json\/wp\/v2\/comments?post=1389"}],"wp:featuredmedia":[{"embeddable":true,"href":"https:\/\/apurecompany.com.br\/pt\/wp-json\/wp\/v2\/media\/1320"}],"wp:attachment":[{"href":"https:\/\/apurecompany.com.br\/pt\/wp-json\/wp\/v2\/media?parent=1389"}],"wp:term":[{"taxonomy":"product_brand","embeddable":true,"href":"https:\/\/apurecompany.com.br\/pt\/wp-json\/wp\/v2\/product_brand?post=1389"},{"taxonomy":"product_cat","embeddable":true,"href":"https:\/\/apurecompany.com.br\/pt\/wp-json\/wp\/v2\/product_cat?post=1389"},{"taxonomy":"product_tag","embeddable":true,"href":"https:\/\/apurecompany.com.br\/pt\/wp-json\/wp\/v2\/product_tag?post=1389"}],"curies":[{"name":"wp","href":"https:\/\/api.w.org\/{rel}","templated":true}]}}