{"id":1046,"date":"2025-11-28T08:58:33","date_gmt":"2025-11-28T08:58:33","guid":{"rendered":"https:\/\/apurecompany.com.br\/?post_type=product&#038;p=1046"},"modified":"2026-04-27T06:46:35","modified_gmt":"2026-04-27T03:46:35","slug":"glove-apure-logo","status":"publish","type":"product","link":"https:\/\/apurecompany.com.br\/pt\/produto\/glove-apure-logo\/","title":{"rendered":"GLOVE APURE LOGO"},"content":{"rendered":"<h3 data-start=\"104\" data-end=\"150\"><strong data-start=\"108\" data-end=\"150\">SAFETY GLOVE APURE LOGO\u00a0 \u2013 Emborrachada<\/strong><\/h3>\n<p data-start=\"152\" data-end=\"441\">A <strong data-start=\"154\" data-end=\"181\">Luva de Seguran\u00e7a Apure<\/strong> \u00e9 um EPI desenvolvido para oferecer alta prote\u00e7\u00e3o, resist\u00eancia e firmeza no uso di\u00e1rio. Confeccionada em <strong data-start=\"287\" data-end=\"300\">poli\u00e9ster<\/strong> com <strong data-start=\"305\" data-end=\"335\">camada de borracha espessa<\/strong> em toda a \u00e1rea externa, ela garante excelente ader\u00eancia, durabilidade e seguran\u00e7a em diversas atividades.<\/p>\n<p data-start=\"443\" data-end=\"717\">Seu revestimento emborrachado proporciona <strong data-start=\"485\" data-end=\"502\">grip superior<\/strong>, mesmo em superf\u00edcies \u00famidas ou escorregadias, enquanto o tecido em poli\u00e9ster mant\u00e9m a luva leve, flex\u00edvel e confort\u00e1vel para longos per\u00edodos de uso. O punho ajustado ajuda na firmeza e evita a entrada de res\u00edduos.<\/p>\n<p data-start=\"719\" data-end=\"741\"><strong data-start=\"719\" data-end=\"739\">Caracter\u00edsticas:<\/strong><\/p>\n<ul data-start=\"742\" data-end=\"1087\">\n<li data-start=\"742\" data-end=\"786\">\n<p data-start=\"744\" data-end=\"786\">Equipamento de Prote\u00e7\u00e3o Individual (EPI)<\/p>\n<\/li>\n<li data-start=\"787\" data-end=\"828\">\n<p data-start=\"789\" data-end=\"828\">Estrutura em <strong data-start=\"802\" data-end=\"826\">poli\u00e9ster resistente<\/strong><\/p>\n<\/li>\n<li data-start=\"829\" data-end=\"885\">\n<p data-start=\"831\" data-end=\"885\">Revestimento em <strong data-start=\"847\" data-end=\"883\">borracha grossa e antiderrapante<\/strong><\/p>\n<\/li>\n<li data-start=\"886\" data-end=\"918\">\n<p data-start=\"888\" data-end=\"918\">Alta durabilidade e prote\u00e7\u00e3o<\/p>\n<\/li>\n<li data-start=\"919\" data-end=\"963\">\n<p data-start=\"921\" data-end=\"963\">Excelente grip em diferentes superf\u00edcies<\/p>\n<\/li>\n<li data-start=\"964\" data-end=\"1010\">\n<p data-start=\"966\" data-end=\"1010\">Confort\u00e1vel e flex\u00edvel para uso prolongado<\/p>\n<\/li>\n<li data-start=\"1011\" data-end=\"1087\">\n<p data-start=\"1013\" data-end=\"1087\">Ideal para tarefas de seguran\u00e7a, manuseio, log\u00edstica e atividades gerais<\/p>\n<\/li>\n<\/ul>","protected":false},"excerpt":{"rendered":"<h3 data-start=\"104\" data-end=\"150\"><strong data-start=\"108\" data-end=\"150\">Luva de Seguran\u00e7a Apure \u2013 Emborrachada<\/strong><\/h3>\n<p data-start=\"152\" data-end=\"441\">A <strong data-start=\"154\" data-end=\"181\">Luva de Seguran\u00e7a Apure<\/strong> \u00e9 um EPI desenvolvido para oferecer alta prote\u00e7\u00e3o, resist\u00eancia e firmeza no uso di\u00e1rio. Confeccionada em <strong data-start=\"287\" data-end=\"300\">poli\u00e9ster<\/strong> com <strong data-start=\"305\" data-end=\"335\">camada de borracha espessa<\/strong> em toda a \u00e1rea externa, ela garante excelente ader\u00eancia, durabilidade e seguran\u00e7a em diversas atividades.<\/p>\n<p data-start=\"443\" data-end=\"717\">Seu revestimento emborrachado proporciona <strong data-start=\"485\" data-end=\"502\">grip superior<\/strong>, mesmo em superf\u00edcies \u00famidas ou escorregadias, enquanto o tecido em poli\u00e9ster mant\u00e9m a luva leve, flex\u00edvel e confort\u00e1vel para longos per\u00edodos de uso. O punho ajustado ajuda na firmeza e evita a entrada de res\u00edduos.<\/p>\n<p data-start=\"719\" data-end=\"741\"><strong data-start=\"719\" data-end=\"739\">Caracter\u00edsticas:<\/strong><\/p>\n<ul data-start=\"742\" data-end=\"1087\">\n<li data-start=\"742\" data-end=\"786\">\n<p data-start=\"744\" data-end=\"786\">Equipamento de Prote\u00e7\u00e3o Individual (EPI)<\/p>\n<\/li>\n<li data-start=\"787\" data-end=\"828\">\n<p data-start=\"789\" data-end=\"828\">Estrutura em <strong data-start=\"802\" data-end=\"826\">poli\u00e9ster resistente<\/strong><\/p>\n<\/li>\n<li data-start=\"829\" data-end=\"885\">\n<p data-start=\"831\" data-end=\"885\">Revestimento em <strong data-start=\"847\" data-end=\"883\">borracha grossa e antiderrapante<\/strong><\/p>\n<\/li>\n<li data-start=\"886\" data-end=\"918\">\n<p data-start=\"888\" data-end=\"918\">Alta durabilidade e prote\u00e7\u00e3o<\/p>\n<\/li>\n<li data-start=\"919\" data-end=\"963\">\n<p data-start=\"921\" data-end=\"963\">Excelente grip em diferentes superf\u00edcies<\/p>\n<\/li>\n<li data-start=\"964\" data-end=\"1010\">\n<p data-start=\"966\" data-end=\"1010\">Confort\u00e1vel e flex\u00edvel para uso prolongado<\/p>\n<\/li>\n<li data-start=\"1011\" data-end=\"1087\">\n<p data-start=\"1013\" data-end=\"1087\">Ideal para tarefas de seguran\u00e7a, manuseio, log\u00edstica e atividades gerais<\/p>\n<\/li>\n<\/ul>","protected":false},"featured_media":855,"comment_status":"open","ping_status":"closed","template":"","meta":{"_joinchat":[]},"product_brand":[],"product_cat":[30],"product_tag":[],"class_list":{"0":"post-1046","1":"product","2":"type-product","3":"status-publish","4":"has-post-thumbnail","6":"product_cat-luva","8":"first","9":"onbackorder","10":"featured","11":"taxable","12":"shipping-taxable","13":"purchasable","14":"product-type-simple"},"jetpack_sharing_enabled":true,"_links":{"self":[{"href":"https:\/\/apurecompany.com.br\/pt\/wp-json\/wp\/v2\/product\/1046","targetHints":{"allow":["GET"]}}],"collection":[{"href":"https:\/\/apurecompany.com.br\/pt\/wp-json\/wp\/v2\/product"}],"about":[{"href":"https:\/\/apurecompany.com.br\/pt\/wp-json\/wp\/v2\/types\/product"}],"replies":[{"embeddable":true,"href":"https:\/\/apurecompany.com.br\/pt\/wp-json\/wp\/v2\/comments?post=1046"}],"wp:featuredmedia":[{"embeddable":true,"href":"https:\/\/apurecompany.com.br\/pt\/wp-json\/wp\/v2\/media\/855"}],"wp:attachment":[{"href":"https:\/\/apurecompany.com.br\/pt\/wp-json\/wp\/v2\/media?parent=1046"}],"wp:term":[{"taxonomy":"product_brand","embeddable":true,"href":"https:\/\/apurecompany.com.br\/pt\/wp-json\/wp\/v2\/product_brand?post=1046"},{"taxonomy":"product_cat","embeddable":true,"href":"https:\/\/apurecompany.com.br\/pt\/wp-json\/wp\/v2\/product_cat?post=1046"},{"taxonomy":"product_tag","embeddable":true,"href":"https:\/\/apurecompany.com.br\/pt\/wp-json\/wp\/v2\/product_tag?post=1046"}],"curies":[{"name":"wp","href":"https:\/\/api.w.org\/{rel}","templated":true}]}}