{"id":211,"date":"2025-06-09T01:58:13","date_gmt":"2025-06-09T01:58:13","guid":{"rendered":"http:\/\/apure.local\/?page_id=211"},"modified":"2025-06-10T20:19:56","modified_gmt":"2025-06-10T20:19:56","slug":"about-us","status":"publish","type":"page","link":"https:\/\/apurecompany.com.br\/pt\/about-us\/","title":{"rendered":"Sobre N\u00f3s"},"content":{"rendered":"<div data-elementor-type=\"wp-page\" data-elementor-id=\"211\" class=\"elementor elementor-211\">\n\t\t\t\t<div class=\"elementor-element elementor-element-5ed12eb e-flex e-con-boxed e-con e-parent\" data-id=\"5ed12eb\" data-element_type=\"container\" data-e-type=\"container\" data-settings=\"{&quot;background_background&quot;:&quot;classic&quot;}\">\n\t\t\t\t\t<div class=\"e-con-inner\">\n\t\t\t\t<div class=\"elementor-element elementor-element-184e00a elementor-widget elementor-widget-heading\" data-id=\"184e00a\" data-element_type=\"widget\" data-e-type=\"widget\" data-widget_type=\"heading.default\">\n\t\t\t\t<div class=\"elementor-widget-container\">\n\t\t\t\t\t<h2 class=\"elementor-heading-title elementor-size-default\">Sobre N\u00f3s<\/h2>\t\t\t\t<\/div>\n\t\t\t\t<\/div>\n\t\t\t\t\t<\/div>\n\t\t\t\t<\/div>\n\t\t<div class=\"elementor-element elementor-element-178e9cd e-flex e-con-boxed e-con e-parent\" data-id=\"178e9cd\" data-element_type=\"container\" data-e-type=\"container\">\n\t\t\t\t\t<div class=\"e-con-inner\">\n\t\t\t\t<div class=\"elementor-element elementor-element-01a022c elementor-widget elementor-widget-spacer\" data-id=\"01a022c\" data-element_type=\"widget\" data-e-type=\"widget\" data-widget_type=\"spacer.default\">\n\t\t\t\t<div class=\"elementor-widget-container\">\n\t\t\t\t\t\t\t<div class=\"elementor-spacer\">\n\t\t\t<div class=\"elementor-spacer-inner\"><\/div>\n\t\t<\/div>\n\t\t\t\t\t\t<\/div>\n\t\t\t\t<\/div>\n\t\t\t\t<div class=\"elementor-element elementor-element-a1771c8 elementor-widget elementor-widget-heading\" data-id=\"a1771c8\" data-element_type=\"widget\" data-e-type=\"widget\" data-widget_type=\"heading.default\">\n\t\t\t\t<div class=\"elementor-widget-container\">\n\t\t\t\t\t<h2 class=\"elementor-heading-title elementor-size-default\">Hist\u00f3ria<\/h2>\t\t\t\t<\/div>\n\t\t\t\t<\/div>\n\t\t\t\t<div class=\"elementor-element elementor-element-349faea elementor-widget elementor-widget-text-editor\" data-id=\"349faea\" data-element_type=\"widget\" data-e-type=\"widget\" data-widget_type=\"text-editor.default\">\n\t\t\t\t<div class=\"elementor-widget-container\">\n\t\t\t\t\t\t\t\t\t<p>A Apure Co. foi fundada em Curitiba no ano de 2020, em um bairro com ra\u00edzes fortes e muitas hist\u00f3rias reais. Como toda boa ideia, levou tempo para sair do papel. Mas quando chegou o momento certo, veio com prop\u00f3sito, dire\u00e7\u00e3o e identidade.<\/p><p>O nome surgiu de uma g\u00edria falada nas ruas de Curitiba, mas foi pensado para ter for\u00e7a al\u00e9m das fronteiras. Apure \u00e9 local na origem e global na inten\u00e7\u00e3o.<\/p>\t\t\t\t\t\t\t\t<\/div>\n\t\t\t\t<\/div>\n\t\t<div class=\"elementor-element elementor-element-f89ab92 e-con-full e-grid e-con e-child\" data-id=\"f89ab92\" data-element_type=\"container\" data-e-type=\"container\">\n\t\t\t\t<div class=\"elementor-element elementor-element-eb6f20b elementor-widget elementor-widget-image\" data-id=\"eb6f20b\" data-element_type=\"widget\" data-e-type=\"widget\" data-widget_type=\"image.default\">\n\t\t\t\t<div class=\"elementor-widget-container\">\n\t\t\t\t\t\t\t\t\t\t\t\t\t\t\t<img fetchpriority=\"high\" decoding=\"async\" width=\"1024\" height=\"562\" src=\"https:\/\/apurecompany.com.br\/wp-content\/uploads\/2025\/06\/IMG_0920-1024x562.png\" class=\"attachment-large size-large wp-image-207\" alt=\"\" srcset=\"https:\/\/apurecompany.com.br\/wp-content\/uploads\/2025\/06\/IMG_0920-1024x562.png 1024w, https:\/\/apurecompany.com.br\/wp-content\/uploads\/2025\/06\/IMG_0920-300x165.png 300w, https:\/\/apurecompany.com.br\/wp-content\/uploads\/2025\/06\/IMG_0920-768x421.png 768w, https:\/\/apurecompany.com.br\/wp-content\/uploads\/2025\/06\/IMG_0920-1536x842.png 1536w, https:\/\/apurecompany.com.br\/wp-content\/uploads\/2025\/06\/IMG_0920-2048x1123.png 2048w, https:\/\/apurecompany.com.br\/wp-content\/uploads\/2025\/06\/IMG_0920-18x10.png 18w, https:\/\/apurecompany.com.br\/wp-content\/uploads\/2025\/06\/IMG_0920-1320x724.png 1320w, https:\/\/apurecompany.com.br\/wp-content\/uploads\/2025\/06\/IMG_0920-600x329.png 600w\" sizes=\"(max-width: 1024px) 100vw, 1024px\" \/>\t\t\t\t\t\t\t\t\t\t\t\t\t\t\t<\/div>\n\t\t\t\t<\/div>\n\t\t\t\t<div class=\"elementor-element elementor-element-653e704 elementor-widget elementor-widget-text-editor\" data-id=\"653e704\" data-element_type=\"widget\" data-e-type=\"widget\" data-widget_type=\"text-editor.default\">\n\t\t\t\t<div class=\"elementor-widget-container\">\n\t\t\t\t\t\t\t\t\t<p>A logo traduz essa vis\u00e3o com clareza. Os tra\u00e7os ao lado da letra A representam movimento, dire\u00e7\u00e3o e intensidade. Eles falam sobre avan\u00e7o, atitude, pressa no sentido certo. A tipografia marcante transmite presen\u00e7a, solidez e personalidade. N\u00e3o se trata apenas de uma marca visualmente forte, mas de uma identidade constru\u00edda\u00a0com\u00a0prop\u00f3sito.<\/p>\t\t\t\t\t\t\t\t<\/div>\n\t\t\t\t<\/div>\n\t\t\t\t<\/div>\n\t\t\t\t\t<\/div>\n\t\t\t\t<\/div>\n\t\t<div class=\"elementor-element elementor-element-80cc2cc e-flex e-con-boxed e-con e-parent\" data-id=\"80cc2cc\" data-element_type=\"container\" data-e-type=\"container\" data-settings=\"{&quot;background_background&quot;:&quot;classic&quot;}\">\n\t\t\t\t\t<div class=\"e-con-inner\">\n\t\t<div class=\"elementor-element elementor-element-9bc1ee9 e-con-full e-flex e-con e-child\" data-id=\"9bc1ee9\" data-element_type=\"container\" data-e-type=\"container\">\n\t\t\t\t<\/div>\n\t\t<div class=\"elementor-element elementor-element-3236333 e-con-full e-flex e-con e-child\" data-id=\"3236333\" data-element_type=\"container\" data-e-type=\"container\">\n\t\t\t\t<div class=\"elementor-element elementor-element-772c731 elementor-widget elementor-widget-heading\" data-id=\"772c731\" data-element_type=\"widget\" data-e-type=\"widget\" data-widget_type=\"heading.default\">\n\t\t\t\t<div class=\"elementor-widget-container\">\n\t\t\t\t\t<h2 class=\"elementor-heading-title elementor-size-default\">Miss\u00e3o<\/h2>\t\t\t\t<\/div>\n\t\t\t\t<\/div>\n\t\t\t\t<div class=\"elementor-element elementor-element-14008b6 elementor-widget elementor-widget-text-editor\" data-id=\"14008b6\" data-element_type=\"widget\" data-e-type=\"widget\" data-widget_type=\"text-editor.default\">\n\t\t\t\t<div class=\"elementor-widget-container\">\n\t\t\t\t\t\t\t\t\t<div class=\"wp-block-column is-layout-flow wp-block-column-is-layout-flow\"><div class=\"wp-block-cover wp-duotone-grayscale\"><div class=\"wp-block-cover__inner-container is-layout-flow wp-block-cover-is-layout-flow\"><p>Criar roupas que conectam estilo, conforto e autenticidade. A Apure nasce para expressar a cultura urbana e esportiva com personalidade, vestindo pessoas que valorizam identidade, movimento e prop\u00f3sito.<\/p><\/div><\/div><\/div>\t\t\t\t\t\t\t\t<\/div>\n\t\t\t\t<\/div>\n\t\t\t\t<div class=\"elementor-element elementor-element-8396431 elementor-widget elementor-widget-spacer\" data-id=\"8396431\" data-element_type=\"widget\" data-e-type=\"widget\" data-widget_type=\"spacer.default\">\n\t\t\t\t<div class=\"elementor-widget-container\">\n\t\t\t\t\t\t\t<div class=\"elementor-spacer\">\n\t\t\t<div class=\"elementor-spacer-inner\"><\/div>\n\t\t<\/div>\n\t\t\t\t\t\t<\/div>\n\t\t\t\t<\/div>\n\t\t\t\t<div class=\"elementor-element elementor-element-e11e5ce elementor-widget elementor-widget-heading\" data-id=\"e11e5ce\" data-element_type=\"widget\" data-e-type=\"widget\" data-widget_type=\"heading.default\">\n\t\t\t\t<div class=\"elementor-widget-container\">\n\t\t\t\t\t<h2 class=\"elementor-heading-title elementor-size-default\">Vis\u00e3o<\/h2>\t\t\t\t<\/div>\n\t\t\t\t<\/div>\n\t\t\t\t<div class=\"elementor-element elementor-element-c916a81 elementor-widget elementor-widget-text-editor\" data-id=\"c916a81\" data-element_type=\"widget\" data-e-type=\"widget\" data-widget_type=\"text-editor.default\">\n\t\t\t\t<div class=\"elementor-widget-container\">\n\t\t\t\t\t\t\t\t\t<div class=\"wp-block-column is-layout-flow wp-block-column-is-layout-flow\"><div class=\"wp-block-cover wp-duotone-grayscale\"><div class=\"wp-block-cover__inner-container is-layout-flow wp-block-cover-is-layout-flow\"><p>Ser uma marca refer\u00eancia no streetwear e sportswear, reconhecida pela originalidade, qualidade e impacto. Queremos inspirar atitude e fazer parte da jornada de quem vive com intensidade, criatividade e verdade.<\/p><\/div><\/div><\/div>\t\t\t\t\t\t\t\t<\/div>\n\t\t\t\t<\/div>\n\t\t\t\t<\/div>\n\t\t\t\t\t<\/div>\n\t\t\t\t<\/div>\n\t\t<div class=\"elementor-element elementor-element-c2607fb e-flex e-con-boxed e-con e-parent\" data-id=\"c2607fb\" data-element_type=\"container\" data-e-type=\"container\" data-settings=\"{&quot;background_background&quot;:&quot;classic&quot;}\">\n\t\t\t\t\t<div class=\"e-con-inner\">\n\t\t<div class=\"elementor-element elementor-element-f5653ae e-con-full e-flex e-con e-child\" data-id=\"f5653ae\" data-element_type=\"container\" data-e-type=\"container\">\n\t\t\t\t<div class=\"elementor-element elementor-element-15c1360 elementor-widget elementor-widget-heading\" data-id=\"15c1360\" data-element_type=\"widget\" data-e-type=\"widget\" data-widget_type=\"heading.default\">\n\t\t\t\t<div class=\"elementor-widget-container\">\n\t\t\t\t\t<h2 class=\"elementor-heading-title elementor-size-default\">Valores<\/h2>\t\t\t\t<\/div>\n\t\t\t\t<\/div>\n\t\t\t\t<div class=\"elementor-element elementor-element-ed5417f elementor-widget elementor-widget-text-editor\" data-id=\"ed5417f\" data-element_type=\"widget\" data-e-type=\"widget\" data-widget_type=\"text-editor.default\">\n\t\t\t\t<div class=\"elementor-widget-container\">\n\t\t\t\t\t\t\t\t\t<div class=\"wp-block-column is-layout-flow wp-block-column-is-layout-flow\">\n<div class=\"wp-block-cover wp-duotone-grayscale\">\n<div class=\"wp-block-cover__inner-container is-layout-flow wp-block-cover-is-layout-flow\">\n<p>Originalidade<\/p>\n<p>Qualidade<\/p>\n<p>Respeito \u00e0 cultura<\/p>\n<p>Evolu\u00e7\u00e3o constante<\/p>\n<p>Conex\u00e3o<\/p>\n<\/div>\n<\/div>\n<\/div>\t\t\t\t\t\t\t\t<\/div>\n\t\t\t\t<\/div>\n\t\t\t\t<\/div>\n\t\t<div class=\"elementor-element elementor-element-6fe838b e-con-full e-flex e-con e-child\" data-id=\"6fe838b\" data-element_type=\"container\" data-e-type=\"container\">\n\t\t\t\t<\/div>\n\t\t\t\t\t<\/div>\n\t\t\t\t<\/div>\n\t\t<div class=\"elementor-element elementor-element-bd4cb0a e-flex e-con-boxed e-con e-parent\" data-id=\"bd4cb0a\" data-element_type=\"container\" data-e-type=\"container\" data-settings=\"{&quot;background_background&quot;:&quot;classic&quot;}\">\n\t\t\t\t\t<div class=\"e-con-inner\">\n\t\t\t\t<div class=\"elementor-element elementor-element-164070f elementor-widget elementor-widget-heading\" data-id=\"164070f\" data-element_type=\"widget\" data-e-type=\"widget\" data-widget_type=\"heading.default\">\n\t\t\t\t<div class=\"elementor-widget-container\">\n\t\t\t\t\t<h2 class=\"elementor-heading-title elementor-size-default\">A Apure \u00e9 feita de pessoas reais, hist\u00f3rias fortes e ideias\u00a0que\u00a0n\u00e3o\u00a0param.<\/h2>\t\t\t\t<\/div>\n\t\t\t\t<\/div>\n\t\t\t\t<div class=\"elementor-element elementor-element-1c8e83b elementor-widget elementor-widget-image\" data-id=\"1c8e83b\" data-element_type=\"widget\" data-e-type=\"widget\" data-widget_type=\"image.default\">\n\t\t\t\t<div class=\"elementor-widget-container\">\n\t\t\t\t\t\t\t\t\t\t\t\t\t\t\t<img decoding=\"async\" width=\"1024\" height=\"428\" src=\"https:\/\/apurecompany.com.br\/wp-content\/uploads\/2025\/06\/IMG_0931-1024x428.png\" class=\"attachment-large size-large wp-image-217\" alt=\"\" srcset=\"https:\/\/apurecompany.com.br\/wp-content\/uploads\/2025\/06\/IMG_0931-1024x428.png 1024w, https:\/\/apurecompany.com.br\/wp-content\/uploads\/2025\/06\/IMG_0931-300x125.png 300w, https:\/\/apurecompany.com.br\/wp-content\/uploads\/2025\/06\/IMG_0931-768x321.png 768w, https:\/\/apurecompany.com.br\/wp-content\/uploads\/2025\/06\/IMG_0931-1536x642.png 1536w, https:\/\/apurecompany.com.br\/wp-content\/uploads\/2025\/06\/IMG_0931-2048x856.png 2048w, https:\/\/apurecompany.com.br\/wp-content\/uploads\/2025\/06\/IMG_0931-18x8.png 18w, https:\/\/apurecompany.com.br\/wp-content\/uploads\/2025\/06\/IMG_0931-1320x552.png 1320w, https:\/\/apurecompany.com.br\/wp-content\/uploads\/2025\/06\/IMG_0931-600x251.png 600w\" sizes=\"(max-width: 1024px) 100vw, 1024px\" \/>\t\t\t\t\t\t\t\t\t\t\t\t\t\t\t<\/div>\n\t\t\t\t<\/div>\n\t\t\t\t\t<\/div>\n\t\t\t\t<\/div>\n\t\t\t\t<\/div>","protected":false},"excerpt":{"rendered":"<p>About us Our Story Apure Co. was founded in Curitiba in 2020, in a neighborhood with deep roots and many real stories. Like every good idea, it took time to come to life. But when the right moment came, it arrived with purpose, direction, and identity. The name came from a slang word spoken in [&hellip;]<\/p>","protected":false},"author":1,"featured_media":0,"parent":0,"menu_order":0,"comment_status":"closed","ping_status":"closed","template":"page-full-width","meta":{"_joinchat":[],"footnotes":""},"class_list":["post-211","page","type-page","status-publish","hentry"],"jetpack_sharing_enabled":true,"_links":{"self":[{"href":"https:\/\/apurecompany.com.br\/pt\/wp-json\/wp\/v2\/pages\/211","targetHints":{"allow":["GET"]}}],"collection":[{"href":"https:\/\/apurecompany.com.br\/pt\/wp-json\/wp\/v2\/pages"}],"about":[{"href":"https:\/\/apurecompany.com.br\/pt\/wp-json\/wp\/v2\/types\/page"}],"author":[{"embeddable":true,"href":"https:\/\/apurecompany.com.br\/pt\/wp-json\/wp\/v2\/users\/1"}],"replies":[{"embeddable":true,"href":"https:\/\/apurecompany.com.br\/pt\/wp-json\/wp\/v2\/comments?post=211"}],"version-history":[{"count":17,"href":"https:\/\/apurecompany.com.br\/pt\/wp-json\/wp\/v2\/pages\/211\/revisions"}],"predecessor-version":[{"id":370,"href":"https:\/\/apurecompany.com.br\/pt\/wp-json\/wp\/v2\/pages\/211\/revisions\/370"}],"wp:attachment":[{"href":"https:\/\/apurecompany.com.br\/pt\/wp-json\/wp\/v2\/media?parent=211"}],"curies":[{"name":"wp","href":"https:\/\/api.w.org\/{rel}","templated":true}]}}